{"id":98,"date":"2020-10-22T12:18:08","date_gmt":"2020-10-22T12:18:08","guid":{"rendered":"https:\/\/blaze.marketing\/moraine-barn.co.uk\/?page_id=98"},"modified":"2020-11-30T17:35:08","modified_gmt":"2020-11-30T17:35:08","slug":"morzine-and-activites","status":"publish","type":"page","link":"https:\/\/morzinebarn.co.uk\/fr\/morzine-and-activites\/","title":{"rendered":"Morzine et activit\u00e9s"},"content":{"rendered":"<div class=\"container\">\n\n\n\n<h3 class=\"wp-block-heading\">\u00c0 propos de Morzine<\/h3>\n\n\n\n<p>Situ\u00e9 dans le centre de Morzine, Le Barn offre un superbe emplacement avec tout ce que cette merveilleuse ville a \u00e0 offrir juste \u00e0 sa porte. Morzine est une ville familiale traditionnelle situ\u00e9e dans un charmant cadre pittoresque. L'architecture est typiquement savoyarde, avec de belles fermes anciennes et des chalets partout, regroup\u00e9s autour de l'\u00e9glise Sainte Marie Madeleine.<br><br>Situ\u00e9 au milieu des Portes du Soleil - une r\u00e9gion d'une beaut\u00e9 naturelle exceptionnelle - Morzine conserve tout le charme et le caract\u00e8re d'un village alpin \u00e0 l'ancienne, et pour ceux qui veulent remonter le temps, il y a des chevaux et des charrettes \u00e0 louer.<\/p>\n\n\n\n<p>Si vous souhaitez d\u00e9guster des plats locaux pendant votre s\u00e9jour \u00e0 Morzine, dirigez-vous vers le march\u00e9 hebdomadaire, o\u00f9 vous pourrez d\u00e9guster des fromages r\u00e9gionaux ou de la charcuterie. Ou pour les acheteurs enthousiastes, promenez-vous dans le large \u00e9ventail de magasins et de boutiques que la ville a \u00e0 offrir.<\/p>\n\n\n\n<h3 class=\"wp-block-heading\">Morzine en hiver<\/h3>\n\n\n\n<figure class=\"wp-block-image size-full is-style-default\"><img decoding=\"async\" src=\"https:\/\/morzinebarn.co.uk\/\/wp-content\/uploads\/2020\/10\/AdobeStock_1204427481.jpg\" alt=\"family skiing on Morzine mountain \" class=\"wp-image-127\" width=\"NaN\" height=\"NaN\" srcset=\"https:\/\/morzinebarn.co.uk\/wp-content\/uploads\/2020\/10\/AdobeStock_1204427481.jpg 1094w, https:\/\/morzinebarn.co.uk\/wp-content\/uploads\/2020\/10\/AdobeStock_1204427481-300x200.jpg 300w, https:\/\/morzinebarn.co.uk\/wp-content\/uploads\/2020\/10\/AdobeStock_1204427481-768x512.jpg 768w\" sizes=\"(max-width: 1094px) 100vw, 1094px\" \/><\/figure>\n\n\n\n<p>Le domaine des Portes du Soleil est l'un des deux plus grands domaines skiables internationaux au monde, comprenant 13 stations. Avec ses 650 km de pistes incroyables s'\u00e9tendant jusqu'en Suisse, c'est un endroit id\u00e9al pour un skieur passionn\u00e9. La t\u00e9l\u00e9cabine \u00e0 grande vitesse Super Morzine, qui vous emm\u00e8ne \u00e9galement \u00e0 Avoriaz, se trouve \u00e0 seulement 2 minutes \u00e0 pied du Barn.<\/p>\n\n\n\n<p>Des jolies pistes arbor\u00e9es au ski de haute altitude, il existe une fantastique gamme de pistes noires, rouges, bleues et vertes, offrant un vaste et vari\u00e9 domaine\u00a0skiable que tous appr\u00e9cieront. Morzine \/ Avoriaz est \u00e9galement c\u00e9l\u00e8bre pour ses snowparks avec rails, sauts et bosses pour petits et grands.<\/p>\n\n\n\n<p>L\u2019\u00e9cole de ski est facilement accessible depuis Le Barn, soit par une promenade de dix minutes, soit par une navette rapide \u00abmini train\u00bb pour la t\u00e9l\u00e9cabine du Pleney qui permet d\u2019acc\u00e9der aux Gets.<\/p>\n\n\n\n<p>Pour les non-skieurs, Morzine propose du patin \u00e0 glace int\u00e9rieur et ext\u00e9rieur, de la luge, des randonn\u00e9es en raquettes et un incroyable complexe aquatique couvert avec espace d\u00e9tente et petits bassins pour les tout-petits. A noter que les shorts de bains ne sont pas autoris\u00e9s dans les piscines en France.<\/p>\n\n\n\n<p>Pour les plus aventureux, de nombreuses activit\u00e9s sont propos\u00e9es dans la r\u00e9gion. Il s'agit notamment des randonn\u00e9es en motoneige, des vols en h\u00e9licopt\u00e8re avec h\u00e9liski proposant des d\u00e9poses en Suisse ou en Italie, la plong\u00e9e sous glace au lac de Montriond, le Ski Jo\u00ebring (o\u00f9 l'on vous tire \u00e0 skis par un cheval, des chiens ou un v\u00e9hicule \u00e0 moteur), Yoonering (une technique de luge qui consiste \u00e0 s'asseoir sur un seul ski), des s\u00e9ances d'alpinisme et d'escalade sur glace, o\u00f9 vous pouvez explorer des chutes de glace temporaires ou des routes de cr\u00eate et d\u00e9couvrir le frisson de l'escalade en hiver.<\/p>\n\n\n\n<p>Pour l'apr\u00e8s-ski, vous trouverez de nombreux bars et restaurants \u00e0 Morzine. Pour ceux qui recherchent une soir\u00e9e plus d\u00e9tendue, il y a m\u00eame un cin\u00e9ma, projetant des films en fran\u00e7ais et en anglais. L'Office de Tourisme organise r\u00e9guli\u00e8rement des \u00e9v\u00e9nements et des activit\u00e9s, dont une fantastique \"extravagance\" en plein air pendant les vacances de No\u00ebl.<\/p>\n\n\n\n<h3 class=\"wp-block-heading\">Morzine en \u00e9t\u00e9<\/h3>\n\n\n\n<figure class=\"wp-block-image size-large is-style-default\"><img decoding=\"async\" src=\"https:\/\/morzinebarn.co.uk\/\/wp-content\/uploads\/2020\/10\/AdobeStock_2484823371-1000x800.jpg\" alt=\"\" class=\"wp-image-122\" height=\"NaN\"\/><\/figure>\n\n\n\n<p>En \u00e9t\u00e9, le climat est chaud pendant la journ\u00e9e, se rafraichissant le soir, ce qui facilite le sommeil la nuit.<\/p>\n\n\n\n<p>Les clients peuvent choisir parmi une vaste gamme d'activit\u00e9s de plein air pour assurer des vacances d'\u00e9t\u00e9 parfaites dans les Alpes. Que vous souhaitiez vous d\u00e9tendre au soleil au bord d'un magnifique lac entour\u00e9 de paysages \u00e0 couper le souffle ou d\u00e9valer une piste de v\u00e9lo de montagne difficile, il y a beaucoup d'activit\u00e9s pour vous divertir ici.<\/p>\n\n\n\n<p>Morzine poss\u00e8de le plus grand domaine de v\u00e9lo de montagne d'Europe, avec un syst\u00e8me de remont\u00e9e sp\u00e9cialement adapt\u00e9 pour les VTT. \u00c0 100 m\u00e8tres de notre porte, la bulle Super Morzine vous emm\u00e8nera au c\u0153ur de la r\u00e9gion o\u00f9 vous trouverez un large \u00e9ventail de sentiers passionnants pour tous les niveaux.<\/p>\n\n\n\n<p>Les enfants appr\u00e9cieront les sentiers autour des Get, tandis que les experts trouveront les parcours de championnat de descente aux Gets et \u00e0 Morzine une v\u00e9ritable pouss\u00e9e d'adr\u00e9naline. Pour les personnes s\u00e9rieusement en forme, il y a le circuit des Portes de Soleil vers la Suisse. Le Barn dispose d'un garage s\u00e9curis\u00e9 pour vos v\u00e9los de montagne, \u00e0 c\u00f4t\u00e9 d'un tuyau d'arrosage pour les nettoyer.<\/p>\n\n\n\n<p>\u00c0 quelques pas du Barn se trouve le parc aquatique avec sa piscine ext\u00e9rieure olympique, sa piscine pour enfants et son aire de jeux, des pelouses, un terrain de volley-ball, un bar et un restaurant et un immense toboggan aquatique. C\u2019est l\u2019endroit id\u00e9al pour que toute la famille se d\u00e9tende lors d\u2019une chaude journ\u00e9e d\u2019\u00e9t\u00e9. Dans le m\u00eame complexe se trouve une zone de baignade int\u00e9rieure avec \u00e9galement des piscines pour enfan.<\/p>\n\n\n\n<p>A c\u00f4t\u00e9 du parc aquatique se trouve le Palais de Sport avec 15 courts de tennis et une patinoire couverte. Il y a aussi le Treetop Adventure Park o\u00f9 vous pouvez tester vos limites dans un parcours aventure au sommet des arbres. Il existe des parcours pour enfants, d\u00e9butants, interm\u00e9diaires jusqu'au niveau avanc\u00e9. Terrifiant mais totalement s\u00fbr, un v\u00e9ritable test de courage pour tous les \u00e2ges!<\/p>\n\n\n\n<p>Il y a aussi plusieurs lacs de montagne idylliques dans la r\u00e9gion pour la baignade, les bains de soleil et la p\u00eache et, \u00e0 quelques minutes \u00e0 pied\u00a0du Barn, vous pourrez profiter du mountainboard, parapente, de l'\u00e9quitation ou de la piste de luge d'\u00e9t\u00e9.<\/p>\n\n\n\n<p>.<\/p>\n\n\n\n<h3 class=\"wp-block-heading\">Activit\u00e9s d'\u00e9t\u00e9 locales<\/h3>\n\n\n\n<p>Cliquez sur les images pour plus d\u2019information<\/p>\n\n\n\nngg_shortcode_0_placeholder\n\n\n\n<h3 class=\"wp-block-heading\"><br><strong>Excursions<\/strong><\/h3>\n\n\n\n<p>Evian (40 minutes) - remplissez votre bouteille de la source d'Evian, promenez-vous dans les ruelles pav\u00e9es aux boutiques pittoresques ou prenez un bateau \u00e0 aubes pour la Suisse.<\/p>\n\n\n\n<p>Yvoire (45 min) - Une belle ville m\u00e9di\u00e9vale nich\u00e9e au bord du lac L\u00e9man.<br><br>Samo\u00ebns et le Sixt Fer \u00e0 Cheval (30 min) - Dans la vall\u00e9e voisine de Morzine, d\u00e9couvrez ce village m\u00e9di\u00e9val avec des gorges en fer \u00e0 cheval \u00e0 couper le souffle. Prenez la route du col d'\u00e9t\u00e9 si vous vous sentez courageux.<br><br>Lausanne - accessible en bateau \u00e0 aubes depuis Evian.<\/p>\n\n\n\n<p>Annecy (1h15) - c\u00e9l\u00e8bre pour sa magnifique vieille ville, d\u00e9couvrez un incroyable r\u00e9seau de canaux et son magnifique lac.<\/p>\n\n\n\n<\/div>","protected":false},"excerpt":{"rendered":"<p>About Morzine Located in the centre of Morzine, The Barn [&hellip;]<\/p>","protected":false},"author":2,"featured_media":19,"parent":0,"menu_order":0,"comment_status":"closed","ping_status":"closed","template":"","meta":{"ngg_post_thumbnail":0,"footnotes":""},"class_list":["post-98","page","type-page","status-publish","has-post-thumbnail","hentry"],"yoast_head":"<!-- This site is optimized with the Yoast SEO plugin v25.2 - https:\/\/yoast.com\/wordpress\/plugins\/seo\/ -->\n<title>Morzine and Activites - Morzine Barn<\/title>\n<meta name=\"description\" content=\"The Barn is a luxury ski chalet in Morzine, a Savoyarde Alpine town in Portes du Soleil which offers world class mountain biking &amp; sports.\" \/>\n<meta name=\"robots\" content=\"index, follow, max-snippet:-1, max-image-preview:large, max-video-preview:-1\" \/>\n<link rel=\"canonical\" href=\"https:\/\/morzinebarn.co.uk\/fr\/morzine-and-activites\/\" \/>\n<meta property=\"og:locale\" content=\"fr_FR\" \/>\n<meta property=\"og:type\" content=\"article\" \/>\n<meta property=\"og:title\" content=\"Morzine and Activites - Morzine Barn\" \/>\n<meta property=\"og:description\" content=\"The Barn is a luxury ski chalet in Morzine, a Savoyarde Alpine town in Portes du Soleil which offers world class mountain biking &amp; sports.\" \/>\n<meta property=\"og:url\" content=\"https:\/\/morzinebarn.co.uk\/fr\/morzine-and-activites\/\" \/>\n<meta property=\"og:site_name\" content=\"Morzine Barn\" \/>\n<meta property=\"article:modified_time\" content=\"2020-11-30T17:35:08+00:00\" \/>\n<meta property=\"og:image\" content=\"https:\/\/morzinebarn.co.uk\/wp-content\/uploads\/2020\/10\/mountains.jpg\" \/>\n\t<meta property=\"og:image:width\" content=\"2000\" \/>\n\t<meta property=\"og:image:height\" content=\"1333\" \/>\n\t<meta property=\"og:image:type\" content=\"image\/jpeg\" \/>\n<meta name=\"twitter:card\" content=\"summary_large_image\" \/>\n<meta name=\"twitter:label1\" content=\"Dur\u00e9e de lecture est.\" \/>\n\t<meta name=\"twitter:data1\" content=\"5 minutes\" \/>\n<script type=\"application\/ld+json\" class=\"yoast-schema-graph\">{\"@context\":\"https:\/\/schema.org\",\"@graph\":[{\"@type\":\"WebPage\",\"@id\":\"https:\/\/morzinebarn.co.uk\/morzine-and-activites\/\",\"url\":\"https:\/\/morzinebarn.co.uk\/morzine-and-activites\/\",\"name\":\"Morzine and Activites - Morzine Barn\",\"isPartOf\":{\"@id\":\"https:\/\/morzinebarn.co.uk\/#website\"},\"primaryImageOfPage\":{\"@id\":\"https:\/\/morzinebarn.co.uk\/morzine-and-activites\/#primaryimage\"},\"image\":{\"@id\":\"https:\/\/morzinebarn.co.uk\/morzine-and-activites\/#primaryimage\"},\"thumbnailUrl\":\"https:\/\/morzinebarn.co.uk\/wp-content\/uploads\/2020\/10\/mountains.jpg\",\"datePublished\":\"2020-10-22T12:18:08+00:00\",\"dateModified\":\"2020-11-30T17:35:08+00:00\",\"description\":\"The Barn is a luxury ski chalet in Morzine, a Savoyarde Alpine town in Portes du Soleil which offers world class mountain biking & sports.\",\"breadcrumb\":{\"@id\":\"https:\/\/morzinebarn.co.uk\/morzine-and-activites\/#breadcrumb\"},\"inLanguage\":\"fr-FR\",\"potentialAction\":[{\"@type\":\"ReadAction\",\"target\":[\"https:\/\/morzinebarn.co.uk\/morzine-and-activites\/\"]}]},{\"@type\":\"ImageObject\",\"inLanguage\":\"fr-FR\",\"@id\":\"https:\/\/morzinebarn.co.uk\/morzine-and-activites\/#primaryimage\",\"url\":\"https:\/\/morzinebarn.co.uk\/wp-content\/uploads\/2020\/10\/mountains.jpg\",\"contentUrl\":\"https:\/\/morzinebarn.co.uk\/wp-content\/uploads\/2020\/10\/mountains.jpg\",\"width\":2000,\"height\":1333,\"caption\":\"moutain range of Morzine\"},{\"@type\":\"BreadcrumbList\",\"@id\":\"https:\/\/morzinebarn.co.uk\/morzine-and-activites\/#breadcrumb\",\"itemListElement\":[{\"@type\":\"ListItem\",\"position\":1,\"name\":\"Home\",\"item\":\"https:\/\/morzinebarn.co.uk\/\"},{\"@type\":\"ListItem\",\"position\":2,\"name\":\"Morzine and Activites\"}]},{\"@type\":\"WebSite\",\"@id\":\"https:\/\/morzinebarn.co.uk\/#website\",\"url\":\"https:\/\/morzinebarn.co.uk\/\",\"name\":\"Morzine Barn\",\"description\":\"Ski chalet Morzine Barn perfect for winter or summer holidays in the Alps in France\",\"publisher\":{\"@id\":\"https:\/\/morzinebarn.co.uk\/#organization\"},\"potentialAction\":[{\"@type\":\"SearchAction\",\"target\":{\"@type\":\"EntryPoint\",\"urlTemplate\":\"https:\/\/morzinebarn.co.uk\/?s={search_term_string}\"},\"query-input\":{\"@type\":\"PropertyValueSpecification\",\"valueRequired\":true,\"valueName\":\"search_term_string\"}}],\"inLanguage\":\"fr-FR\"},{\"@type\":\"Organization\",\"@id\":\"https:\/\/morzinebarn.co.uk\/#organization\",\"name\":\"Morzine\",\"url\":\"https:\/\/morzinebarn.co.uk\/\",\"logo\":{\"@type\":\"ImageObject\",\"inLanguage\":\"fr-FR\",\"@id\":\"https:\/\/morzinebarn.co.uk\/#\/schema\/logo\/image\/\",\"url\":\"https:\/\/morzinebarn.co.uk\/wp-content\/uploads\/2020\/10\/logo.png\",\"contentUrl\":\"https:\/\/morzinebarn.co.uk\/wp-content\/uploads\/2020\/10\/logo.png\",\"width\":500,\"height\":500,\"caption\":\"Morzine\"},\"image\":{\"@id\":\"https:\/\/morzinebarn.co.uk\/#\/schema\/logo\/image\/\"}}]}<\/script>\n<!-- \/ Yoast SEO plugin. -->","yoast_head_json":{"title":"Morzine and Activites - Morzine Barn","description":"The Barn is a luxury ski chalet in Morzine, a Savoyarde Alpine town in Portes du Soleil which offers world class mountain biking & sports.","robots":{"index":"index","follow":"follow","max-snippet":"max-snippet:-1","max-image-preview":"max-image-preview:large","max-video-preview":"max-video-preview:-1"},"canonical":"https:\/\/morzinebarn.co.uk\/fr\/morzine-and-activites\/","og_locale":"fr_FR","og_type":"article","og_title":"Morzine and Activites - Morzine Barn","og_description":"The Barn is a luxury ski chalet in Morzine, a Savoyarde Alpine town in Portes du Soleil which offers world class mountain biking & sports.","og_url":"https:\/\/morzinebarn.co.uk\/fr\/morzine-and-activites\/","og_site_name":"Morzine Barn","article_modified_time":"2020-11-30T17:35:08+00:00","og_image":[{"width":2000,"height":1333,"url":"https:\/\/morzinebarn.co.uk\/wp-content\/uploads\/2020\/10\/mountains.jpg","type":"image\/jpeg"}],"twitter_card":"summary_large_image","twitter_misc":{"Dur\u00e9e de lecture est.":"5 minutes"},"schema":{"@context":"https:\/\/schema.org","@graph":[{"@type":"WebPage","@id":"https:\/\/morzinebarn.co.uk\/morzine-and-activites\/","url":"https:\/\/morzinebarn.co.uk\/morzine-and-activites\/","name":"Morzine and Activites - Morzine Barn","isPartOf":{"@id":"https:\/\/morzinebarn.co.uk\/#website"},"primaryImageOfPage":{"@id":"https:\/\/morzinebarn.co.uk\/morzine-and-activites\/#primaryimage"},"image":{"@id":"https:\/\/morzinebarn.co.uk\/morzine-and-activites\/#primaryimage"},"thumbnailUrl":"https:\/\/morzinebarn.co.uk\/wp-content\/uploads\/2020\/10\/mountains.jpg","datePublished":"2020-10-22T12:18:08+00:00","dateModified":"2020-11-30T17:35:08+00:00","description":"The Barn is a luxury ski chalet in Morzine, a Savoyarde Alpine town in Portes du Soleil which offers world class mountain biking & sports.","breadcrumb":{"@id":"https:\/\/morzinebarn.co.uk\/morzine-and-activites\/#breadcrumb"},"inLanguage":"fr-FR","potentialAction":[{"@type":"ReadAction","target":["https:\/\/morzinebarn.co.uk\/morzine-and-activites\/"]}]},{"@type":"ImageObject","inLanguage":"fr-FR","@id":"https:\/\/morzinebarn.co.uk\/morzine-and-activites\/#primaryimage","url":"https:\/\/morzinebarn.co.uk\/wp-content\/uploads\/2020\/10\/mountains.jpg","contentUrl":"https:\/\/morzinebarn.co.uk\/wp-content\/uploads\/2020\/10\/mountains.jpg","width":2000,"height":1333,"caption":"moutain range of Morzine"},{"@type":"BreadcrumbList","@id":"https:\/\/morzinebarn.co.uk\/morzine-and-activites\/#breadcrumb","itemListElement":[{"@type":"ListItem","position":1,"name":"Home","item":"https:\/\/morzinebarn.co.uk\/"},{"@type":"ListItem","position":2,"name":"Morzine and Activites"}]},{"@type":"WebSite","@id":"https:\/\/morzinebarn.co.uk\/#website","url":"https:\/\/morzinebarn.co.uk\/","name":"Morzine Barn","description":"Ski chalet Morzine Barn perfect for winter or summer holidays in the Alps in France","publisher":{"@id":"https:\/\/morzinebarn.co.uk\/#organization"},"potentialAction":[{"@type":"SearchAction","target":{"@type":"EntryPoint","urlTemplate":"https:\/\/morzinebarn.co.uk\/?s={search_term_string}"},"query-input":{"@type":"PropertyValueSpecification","valueRequired":true,"valueName":"search_term_string"}}],"inLanguage":"fr-FR"},{"@type":"Organization","@id":"https:\/\/morzinebarn.co.uk\/#organization","name":"Morzine","url":"https:\/\/morzinebarn.co.uk\/","logo":{"@type":"ImageObject","inLanguage":"fr-FR","@id":"https:\/\/morzinebarn.co.uk\/#\/schema\/logo\/image\/","url":"https:\/\/morzinebarn.co.uk\/wp-content\/uploads\/2020\/10\/logo.png","contentUrl":"https:\/\/morzinebarn.co.uk\/wp-content\/uploads\/2020\/10\/logo.png","width":500,"height":500,"caption":"Morzine"},"image":{"@id":"https:\/\/morzinebarn.co.uk\/#\/schema\/logo\/image\/"}}]}},"_links":{"self":[{"href":"https:\/\/morzinebarn.co.uk\/fr\/wp-json\/wp\/v2\/pages\/98","targetHints":{"allow":["GET"]}}],"collection":[{"href":"https:\/\/morzinebarn.co.uk\/fr\/wp-json\/wp\/v2\/pages"}],"about":[{"href":"https:\/\/morzinebarn.co.uk\/fr\/wp-json\/wp\/v2\/types\/page"}],"author":[{"embeddable":true,"href":"https:\/\/morzinebarn.co.uk\/fr\/wp-json\/wp\/v2\/users\/2"}],"replies":[{"embeddable":true,"href":"https:\/\/morzinebarn.co.uk\/fr\/wp-json\/wp\/v2\/comments?post=98"}],"version-history":[{"count":0,"href":"https:\/\/morzinebarn.co.uk\/fr\/wp-json\/wp\/v2\/pages\/98\/revisions"}],"wp:featuredmedia":[{"embeddable":true,"href":"https:\/\/morzinebarn.co.uk\/fr\/wp-json\/wp\/v2\/media\/19"}],"wp:attachment":[{"href":"https:\/\/morzinebarn.co.uk\/fr\/wp-json\/wp\/v2\/media?parent=98"}],"curies":[{"name":"wp","href":"https:\/\/api.w.org\/{rel}","templated":true}]}}