{"id":61,"date":"2020-10-21T14:44:29","date_gmt":"2020-10-21T14:44:29","guid":{"rendered":"https:\/\/blaze.marketing\/moraine-barn.co.uk\/?page_id=61"},"modified":"2022-02-21T20:59:06","modified_gmt":"2022-02-21T20:59:06","slug":"chaletandgallery","status":"publish","type":"page","link":"https:\/\/morzinebarn.co.uk\/fr\/chaletandgallery\/","title":{"rendered":"Chalet et galerie"},"content":{"rendered":"<div class=\"container\">\n\n\n\n<h4 class=\"wp-block-heading\">Le Barn est un chalet de quatre \u00e9tages compos\u00e9 de:<\/h4>\n\n\n\n<ul class=\"wp-block-list\"><li>Ski\/boot\/bike storage room accessed at street level, with boot heaters and a hose for cleaning bikes<\/li><li>Jacuzzi et sauna pour 6 personnes avec toilettes et douche<\/li><li>6 en-suite bedrooms <\/li><li>8 lits simples et 4 lits doubles, pouvant accueillir jusqu'\u00e0 16 personnes<\/li><li>One family room sleeping up to 4 and two rooms sleeping 3<\/li><li>Coin salon avec chemin\u00e9e \u00e0 foyer ouvert, plafonds vo\u00fbt\u00e9s et vues spectaculaires sur les montagnes<\/li><li>Table \u00e0 manger 12 places en ch\u00eane massif, extensible jusqu'\u00e0 16 convives<\/li><li>Long balcon\u00a0\u00a0orient\u00e9 sud-est avec barbecue et balan\u00e7oire<\/li><li>Cuisine enti\u00e8rement \u00e9quip\u00e9e avec r\u00e9frig\u00e9rateur suppl\u00e9mentaire dans la salle \u00e0 manger (pour que les buveurs n'aient pas \u00e0 d\u00e9ranger les chefs!)<\/li><li>Small play room with TV <\/li><li>TV et lecteur DVD - veuillez noter qu'il n'y a pas encore de TV terrestre ou satellite<\/li><li>Parking pour une voiture (au besoin vous trouverez un parking suppl\u00e9mentaire gratuit \u00e0 10-15 minutes \u00e0 pied)<\/li><li>Lave-linge et s\u00e8che-linge<\/li><li>All bedding and towels are provided<\/li><li>Wifi<\/li><\/ul>\n\n\n\n<p>Voici une galerie photo de notre beau Barn <\/p>\n\n\n\nngg_shortcode_0_placeholder\n\n\n\n<\/div>","protected":false},"excerpt":{"rendered":"<p>The Barn is a four storey chalet consisting of: Ski\/boot\/bike [&hellip;]<\/p>","protected":false},"author":2,"featured_media":178,"parent":0,"menu_order":0,"comment_status":"closed","ping_status":"closed","template":"","meta":{"ngg_post_thumbnail":0,"footnotes":""},"class_list":["post-61","page","type-page","status-publish","has-post-thumbnail","hentry"],"yoast_head":"<!-- This site is optimized with the Yoast SEO plugin v25.2 - https:\/\/yoast.com\/wordpress\/plugins\/seo\/ -->\n<title>Chalet and Gallery - Morzine Barn<\/title>\n<meta name=\"description\" content=\"Our stunning centrally located ski chalet in Morzine right next to the ski lifts has a sauna, jacuzzi and 6 ensuite bedrooms to sleep 16.\" \/>\n<meta name=\"robots\" content=\"index, follow, max-snippet:-1, max-image-preview:large, max-video-preview:-1\" \/>\n<link rel=\"canonical\" href=\"https:\/\/morzinebarn.co.uk\/fr\/chaletandgallery\/\" \/>\n<meta property=\"og:locale\" content=\"fr_FR\" \/>\n<meta property=\"og:type\" content=\"article\" \/>\n<meta property=\"og:title\" content=\"Chalet and Gallery - Morzine Barn\" \/>\n<meta property=\"og:description\" content=\"Our stunning centrally located ski chalet in Morzine right next to the ski lifts has a sauna, jacuzzi and 6 ensuite bedrooms to sleep 16.\" \/>\n<meta property=\"og:url\" content=\"https:\/\/morzinebarn.co.uk\/fr\/chaletandgallery\/\" \/>\n<meta property=\"og:site_name\" content=\"Morzine Barn\" \/>\n<meta property=\"article:modified_time\" content=\"2022-02-21T20:59:06+00:00\" \/>\n<meta property=\"og:image\" content=\"https:\/\/morzinebarn.co.uk\/wp-content\/uploads\/2020\/11\/Lounge_03-smaller-scaled.jpg\" \/>\n\t<meta property=\"og:image:width\" content=\"2560\" \/>\n\t<meta property=\"og:image:height\" content=\"1708\" \/>\n\t<meta property=\"og:image:type\" content=\"image\/jpeg\" \/>\n<meta name=\"twitter:card\" content=\"summary_large_image\" \/>\n<meta name=\"twitter:label1\" content=\"Dur\u00e9e de lecture est.\" \/>\n\t<meta name=\"twitter:data1\" content=\"1 minute\" \/>\n<script type=\"application\/ld+json\" class=\"yoast-schema-graph\">{\"@context\":\"https:\/\/schema.org\",\"@graph\":[{\"@type\":\"WebPage\",\"@id\":\"https:\/\/morzinebarn.co.uk\/chaletandgallery\/\",\"url\":\"https:\/\/morzinebarn.co.uk\/chaletandgallery\/\",\"name\":\"Chalet and Gallery - Morzine Barn\",\"isPartOf\":{\"@id\":\"https:\/\/morzinebarn.co.uk\/#website\"},\"primaryImageOfPage\":{\"@id\":\"https:\/\/morzinebarn.co.uk\/chaletandgallery\/#primaryimage\"},\"image\":{\"@id\":\"https:\/\/morzinebarn.co.uk\/chaletandgallery\/#primaryimage\"},\"thumbnailUrl\":\"https:\/\/morzinebarn.co.uk\/wp-content\/uploads\/2020\/11\/Lounge_03-smaller-scaled.jpg\",\"datePublished\":\"2020-10-21T14:44:29+00:00\",\"dateModified\":\"2022-02-21T20:59:06+00:00\",\"description\":\"Our stunning centrally located ski chalet in Morzine right next to the ski lifts has a sauna, jacuzzi and 6 ensuite bedrooms to sleep 16.\",\"breadcrumb\":{\"@id\":\"https:\/\/morzinebarn.co.uk\/chaletandgallery\/#breadcrumb\"},\"inLanguage\":\"fr-FR\",\"potentialAction\":[{\"@type\":\"ReadAction\",\"target\":[\"https:\/\/morzinebarn.co.uk\/chaletandgallery\/\"]}]},{\"@type\":\"ImageObject\",\"inLanguage\":\"fr-FR\",\"@id\":\"https:\/\/morzinebarn.co.uk\/chaletandgallery\/#primaryimage\",\"url\":\"https:\/\/morzinebarn.co.uk\/wp-content\/uploads\/2020\/11\/Lounge_03-smaller-scaled.jpg\",\"contentUrl\":\"https:\/\/morzinebarn.co.uk\/wp-content\/uploads\/2020\/11\/Lounge_03-smaller-scaled.jpg\",\"width\":2560,\"height\":1708},{\"@type\":\"BreadcrumbList\",\"@id\":\"https:\/\/morzinebarn.co.uk\/chaletandgallery\/#breadcrumb\",\"itemListElement\":[{\"@type\":\"ListItem\",\"position\":1,\"name\":\"Home\",\"item\":\"https:\/\/morzinebarn.co.uk\/\"},{\"@type\":\"ListItem\",\"position\":2,\"name\":\"Chalet and Gallery\"}]},{\"@type\":\"WebSite\",\"@id\":\"https:\/\/morzinebarn.co.uk\/#website\",\"url\":\"https:\/\/morzinebarn.co.uk\/\",\"name\":\"Morzine Barn\",\"description\":\"Ski chalet Morzine Barn perfect for winter or summer holidays in the Alps in France\",\"publisher\":{\"@id\":\"https:\/\/morzinebarn.co.uk\/#organization\"},\"potentialAction\":[{\"@type\":\"SearchAction\",\"target\":{\"@type\":\"EntryPoint\",\"urlTemplate\":\"https:\/\/morzinebarn.co.uk\/?s={search_term_string}\"},\"query-input\":{\"@type\":\"PropertyValueSpecification\",\"valueRequired\":true,\"valueName\":\"search_term_string\"}}],\"inLanguage\":\"fr-FR\"},{\"@type\":\"Organization\",\"@id\":\"https:\/\/morzinebarn.co.uk\/#organization\",\"name\":\"Morzine\",\"url\":\"https:\/\/morzinebarn.co.uk\/\",\"logo\":{\"@type\":\"ImageObject\",\"inLanguage\":\"fr-FR\",\"@id\":\"https:\/\/morzinebarn.co.uk\/#\/schema\/logo\/image\/\",\"url\":\"https:\/\/morzinebarn.co.uk\/wp-content\/uploads\/2020\/10\/logo.png\",\"contentUrl\":\"https:\/\/morzinebarn.co.uk\/wp-content\/uploads\/2020\/10\/logo.png\",\"width\":500,\"height\":500,\"caption\":\"Morzine\"},\"image\":{\"@id\":\"https:\/\/morzinebarn.co.uk\/#\/schema\/logo\/image\/\"}}]}<\/script>\n<!-- \/ Yoast SEO plugin. -->","yoast_head_json":{"title":"Chalet and Gallery - Morzine Barn","description":"Our stunning centrally located ski chalet in Morzine right next to the ski lifts has a sauna, jacuzzi and 6 ensuite bedrooms to sleep 16.","robots":{"index":"index","follow":"follow","max-snippet":"max-snippet:-1","max-image-preview":"max-image-preview:large","max-video-preview":"max-video-preview:-1"},"canonical":"https:\/\/morzinebarn.co.uk\/fr\/chaletandgallery\/","og_locale":"fr_FR","og_type":"article","og_title":"Chalet and Gallery - Morzine Barn","og_description":"Our stunning centrally located ski chalet in Morzine right next to the ski lifts has a sauna, jacuzzi and 6 ensuite bedrooms to sleep 16.","og_url":"https:\/\/morzinebarn.co.uk\/fr\/chaletandgallery\/","og_site_name":"Morzine Barn","article_modified_time":"2022-02-21T20:59:06+00:00","og_image":[{"width":2560,"height":1708,"url":"https:\/\/morzinebarn.co.uk\/wp-content\/uploads\/2020\/11\/Lounge_03-smaller-scaled.jpg","type":"image\/jpeg"}],"twitter_card":"summary_large_image","twitter_misc":{"Dur\u00e9e de lecture est.":"1 minute"},"schema":{"@context":"https:\/\/schema.org","@graph":[{"@type":"WebPage","@id":"https:\/\/morzinebarn.co.uk\/chaletandgallery\/","url":"https:\/\/morzinebarn.co.uk\/chaletandgallery\/","name":"Chalet and Gallery - Morzine Barn","isPartOf":{"@id":"https:\/\/morzinebarn.co.uk\/#website"},"primaryImageOfPage":{"@id":"https:\/\/morzinebarn.co.uk\/chaletandgallery\/#primaryimage"},"image":{"@id":"https:\/\/morzinebarn.co.uk\/chaletandgallery\/#primaryimage"},"thumbnailUrl":"https:\/\/morzinebarn.co.uk\/wp-content\/uploads\/2020\/11\/Lounge_03-smaller-scaled.jpg","datePublished":"2020-10-21T14:44:29+00:00","dateModified":"2022-02-21T20:59:06+00:00","description":"Our stunning centrally located ski chalet in Morzine right next to the ski lifts has a sauna, jacuzzi and 6 ensuite bedrooms to sleep 16.","breadcrumb":{"@id":"https:\/\/morzinebarn.co.uk\/chaletandgallery\/#breadcrumb"},"inLanguage":"fr-FR","potentialAction":[{"@type":"ReadAction","target":["https:\/\/morzinebarn.co.uk\/chaletandgallery\/"]}]},{"@type":"ImageObject","inLanguage":"fr-FR","@id":"https:\/\/morzinebarn.co.uk\/chaletandgallery\/#primaryimage","url":"https:\/\/morzinebarn.co.uk\/wp-content\/uploads\/2020\/11\/Lounge_03-smaller-scaled.jpg","contentUrl":"https:\/\/morzinebarn.co.uk\/wp-content\/uploads\/2020\/11\/Lounge_03-smaller-scaled.jpg","width":2560,"height":1708},{"@type":"BreadcrumbList","@id":"https:\/\/morzinebarn.co.uk\/chaletandgallery\/#breadcrumb","itemListElement":[{"@type":"ListItem","position":1,"name":"Home","item":"https:\/\/morzinebarn.co.uk\/"},{"@type":"ListItem","position":2,"name":"Chalet and Gallery"}]},{"@type":"WebSite","@id":"https:\/\/morzinebarn.co.uk\/#website","url":"https:\/\/morzinebarn.co.uk\/","name":"Morzine Barn","description":"Ski chalet Morzine Barn perfect for winter or summer holidays in the Alps in France","publisher":{"@id":"https:\/\/morzinebarn.co.uk\/#organization"},"potentialAction":[{"@type":"SearchAction","target":{"@type":"EntryPoint","urlTemplate":"https:\/\/morzinebarn.co.uk\/?s={search_term_string}"},"query-input":{"@type":"PropertyValueSpecification","valueRequired":true,"valueName":"search_term_string"}}],"inLanguage":"fr-FR"},{"@type":"Organization","@id":"https:\/\/morzinebarn.co.uk\/#organization","name":"Morzine","url":"https:\/\/morzinebarn.co.uk\/","logo":{"@type":"ImageObject","inLanguage":"fr-FR","@id":"https:\/\/morzinebarn.co.uk\/#\/schema\/logo\/image\/","url":"https:\/\/morzinebarn.co.uk\/wp-content\/uploads\/2020\/10\/logo.png","contentUrl":"https:\/\/morzinebarn.co.uk\/wp-content\/uploads\/2020\/10\/logo.png","width":500,"height":500,"caption":"Morzine"},"image":{"@id":"https:\/\/morzinebarn.co.uk\/#\/schema\/logo\/image\/"}}]}},"_links":{"self":[{"href":"https:\/\/morzinebarn.co.uk\/fr\/wp-json\/wp\/v2\/pages\/61","targetHints":{"allow":["GET"]}}],"collection":[{"href":"https:\/\/morzinebarn.co.uk\/fr\/wp-json\/wp\/v2\/pages"}],"about":[{"href":"https:\/\/morzinebarn.co.uk\/fr\/wp-json\/wp\/v2\/types\/page"}],"author":[{"embeddable":true,"href":"https:\/\/morzinebarn.co.uk\/fr\/wp-json\/wp\/v2\/users\/2"}],"replies":[{"embeddable":true,"href":"https:\/\/morzinebarn.co.uk\/fr\/wp-json\/wp\/v2\/comments?post=61"}],"version-history":[{"count":0,"href":"https:\/\/morzinebarn.co.uk\/fr\/wp-json\/wp\/v2\/pages\/61\/revisions"}],"wp:featuredmedia":[{"embeddable":true,"href":"https:\/\/morzinebarn.co.uk\/fr\/wp-json\/wp\/v2\/media\/178"}],"wp:attachment":[{"href":"https:\/\/morzinebarn.co.uk\/fr\/wp-json\/wp\/v2\/media?parent=61"}],"curies":[{"name":"wp","href":"https:\/\/api.w.org\/{rel}","templated":true}]}}